{"id":2463,"date":"2012-06-05T23:05:04","date_gmt":"2012-06-05T23:05:04","guid":{"rendered":"http:\/\/www.flym.fr\/bd\/"},"modified":"2016-03-18T14:55:16","modified_gmt":"2016-03-18T14:55:16","slug":"loral-en-examen","status":"publish","type":"page","link":"https:\/\/www.flym.fr\/bd\/textes\/loral-en-examen\/","title":{"rendered":"L&rsquo;oral, parce que je le vaux bien &#8230;"},"content":{"rendered":"<p>Passer l&rsquo;oral d&rsquo;un examen &#8230;<\/p>\n<p>C&rsquo;est facile quand on est comme moi, un maitre des mots, un roi de la r\u00e9thorique, un cr\u00e9ateur de logorrh\u00e9 verbale,\u00a0 je jongle avec les mots comme zidane jongle avec un ballon &#8230; Non je d\u00e9conne, les oraux sont un cauchemar. Je fais des phrases dont je perds moi m\u00eame le fil. Je me retrouve en plein milieu de ma phrase \u00e0 me demander si je dois mettre un verbe, un adjectif, ou une ponctuation. Si les gens buvaient mes paroles, ils seraient saoul\u00e9s.<\/p>\n<p>Pour mon oral je me suis dit que je devais me faire beau (mais \u00e7\u00e0 faisait trop de boulot). J&rsquo;ai repass\u00e9 une chemise. Je n&rsquo;avais pas touch\u00e9 mon fer \u00e0 repasser depuis au moins 4 ans. Je ne sais pas si le probl\u00e8me venait du fer ou de la chemise, mais je n&rsquo;ai pas reussi \u00e0 enlever un seul pli (comment \u00e7\u00e0, le probl\u00e8me viendrait de moi ?).<\/p>\n<p>Pour r\u00e9soudre le probl\u00e8me de la chemise mal repass\u00e9e, j&rsquo;ai mis un veston. \u00e7\u00e0 fait tr\u00e8s joli. \u00e7\u00e0 fait tr\u00e8s chaud aussi. Et pour \u00eatre s\u00fbr d&rsquo;avoir bien chaud avant d&rsquo;arriver \u00e0 l&rsquo;oral, j&rsquo;ai d\u00e9cid\u00e9 d&rsquo;aller \u00e0 pied au centre d&rsquo;examen, \u00e0 12h30, en plein soleil, avec une mont\u00e9e, tant qu&rsquo;\u00e0 faire.<\/p>\n<p>Le bon c\u00f4t\u00e9, c&rsquo;est que je devais passer en premier. Cool, pour les oraux blancs je suis pass\u00e9 \u00e0 chaque fois avant dernier. Ben pour l&rsquo;oral aussi au final. Donc apr\u00e8s 14h d&rsquo;attente (plus ou moins), je me suis retrouv\u00e9 face au jury, pour leur vendre du r\u00eave. Mais j&rsquo;en avais pas s\u00fbr moi. Je branche mon ordi sur le video projecteur. \u00e7\u00e0 ne marche pas (cool je gagne du temps).<\/p>\n<p>Une fois le probl\u00e8me du projecteur r\u00e9gl\u00e9, je commence ma pr\u00e9sentation. C&rsquo;est parti pour 10 min d&rsquo;explication. Bon, 3 minutes plus tard j&rsquo;ai fini de parler. C&rsquo;est le moment de subir 30 minutes de questions. Je ne r\u00e9ponds pas, je suis pas une balance moi. Sous la pression, je commence \u00e0 r\u00e9pondre aux questions (en m\u00eame temps c&rsquo;\u00e9tait le but).<\/p>\n<p>Je tente une blague au milieu des questions (le bide total). Pour impressionner le jury je d\u00e9cide de faire des claquettes (vu le succ\u00e8s de the artist, c&rsquo;\u00e9tait le moment ou jamais). Aucune r\u00e9action. Je d\u00e9cide de faire un show. Je monte sur la table et me mets \u00e0 danser comme un chipendale. Heureusement que j&rsquo;avais mis mon pantalon \u00e0 scratch, pour l&rsquo;arracher facilement. Toujours aucune r\u00e9action.<\/p>\n<p>Ok, pas de probl\u00e8me. Etape sup\u00e9rieure. Je fais des claquettes sur les mains, tout en r\u00e9citant un po\u00e8me de Jean de la Fontaine \u00e0 l&rsquo;envers, en russe, en slip (j&rsquo;ai arrach\u00e9 mon pantalon je vous rappelle).<\/p>\n<p>Le temps est \u00e9coul\u00e9. Le jury me lib\u00e8re. Mon oral est termin\u00e9. J&rsquo;en ai un autre une semaine plus tard. Je dois pr\u00e9parer un nouveau show du coup, et rescotcher mon pantalon&#8230;<\/p>\n<div id=\"fb_share_1\" style=\"float: right; margin-left: 10px;\"><a name=\"fb_share\" type=\"box_count\" share_url=\"https:\/\/www.flym.fr\/bd\/textes\/loral-en-examen\/\" href=\"http:\/\/www.facebook.com\/sharer.php\">Share<\/a><\/div><div><script src=\"http:\/\/static.ak.fbcdn.net\/connect.php\/js\/FB.Share\" type=\"text\/javascript\"><\/script><\/div>","protected":false},"excerpt":{"rendered":"<p>Passer l&rsquo;oral d&rsquo;un examen &#8230; C&rsquo;est facile quand on est comme moi, un maitre des mots, un roi de la r\u00e9thorique, un cr\u00e9ateur de logorrh\u00e9 verbale,\u00a0 je jongle avec les mots comme zidane jongle avec un ballon &#8230; Non je d\u00e9conne, les oraux sont un cauchemar. Je fais des phrases dont je perds moi m\u00eame [&hellip;]<\/p>\n","protected":false},"author":1,"featured_media":0,"parent":864,"menu_order":0,"comment_status":"closed","ping_status":"closed","template":"page-PageTemplate4.php","meta":{"_et_pb_use_builder":"","_et_pb_old_content":"","_et_gb_content_width":""},"yoast_head":"<!-- This site is optimized with the Yoast SEO plugin v19.4 - https:\/\/yoast.com\/wordpress\/plugins\/seo\/ -->\n<title>L&#039;oral, parce que je le vaux bien ... - Flym, dessin d&#039;humour, blog bd humour, humour noir<\/title>\n<meta name=\"robots\" content=\"index, follow, max-snippet:-1, max-image-preview:large, max-video-preview:-1\" \/>\n<link rel=\"canonical\" href=\"https:\/\/www.flym.fr\/bd\/textes\/loral-en-examen\/\" \/>\n<meta property=\"og:locale\" content=\"fr_FR\" \/>\n<meta property=\"og:type\" content=\"article\" \/>\n<meta property=\"og:title\" content=\"L&#039;oral, parce que je le vaux bien ... - Flym, dessin d&#039;humour, blog bd humour, humour noir\" \/>\n<meta property=\"og:description\" content=\"Passer l&rsquo;oral d&rsquo;un examen &#8230; C&rsquo;est facile quand on est comme moi, un maitre des mots, un roi de la r\u00e9thorique, un cr\u00e9ateur de logorrh\u00e9 verbale,\u00a0 je jongle avec les mots comme zidane jongle avec un ballon &#8230; Non je d\u00e9conne, les oraux sont un cauchemar. Je fais des phrases dont je perds moi m\u00eame [&hellip;]\" \/>\n<meta property=\"og:url\" content=\"https:\/\/www.flym.fr\/bd\/textes\/loral-en-examen\/\" \/>\n<meta property=\"og:site_name\" content=\"Flym, dessin d&#039;humour, blog bd humour, humour noir\" \/>\n<meta property=\"article:modified_time\" content=\"2016-03-18T14:55:16+00:00\" \/>\n<meta name=\"twitter:card\" content=\"summary\" \/>\n<meta name=\"twitter:label1\" content=\"Dur\u00e9e de lecture estim\u00e9e\" \/>\n\t<meta name=\"twitter:data1\" content=\"2 minutes\" \/>\n<script type=\"application\/ld+json\" class=\"yoast-schema-graph\">{\"@context\":\"https:\/\/schema.org\",\"@graph\":[{\"@type\":\"WebSite\",\"@id\":\"https:\/\/www.flym.fr\/bd\/#website\",\"url\":\"https:\/\/www.flym.fr\/bd\/\",\"name\":\"Flym, dessin d&#039;humour, blog bd humour, humour noir\",\"description\":\"\",\"potentialAction\":[{\"@type\":\"SearchAction\",\"target\":{\"@type\":\"EntryPoint\",\"urlTemplate\":\"https:\/\/www.flym.fr\/bd\/?s={search_term_string}\"},\"query-input\":\"required name=search_term_string\"}],\"inLanguage\":\"fr-FR\"},{\"@type\":\"WebPage\",\"@id\":\"https:\/\/www.flym.fr\/bd\/textes\/loral-en-examen\/\",\"url\":\"https:\/\/www.flym.fr\/bd\/textes\/loral-en-examen\/\",\"name\":\"L'oral, parce que je le vaux bien ... - Flym, dessin d&#039;humour, blog bd humour, humour noir\",\"isPartOf\":{\"@id\":\"https:\/\/www.flym.fr\/bd\/#website\"},\"datePublished\":\"2012-06-05T23:05:04+00:00\",\"dateModified\":\"2016-03-18T14:55:16+00:00\",\"breadcrumb\":{\"@id\":\"https:\/\/www.flym.fr\/bd\/textes\/loral-en-examen\/#breadcrumb\"},\"inLanguage\":\"fr-FR\",\"potentialAction\":[{\"@type\":\"ReadAction\",\"target\":[\"https:\/\/www.flym.fr\/bd\/textes\/loral-en-examen\/\"]}]},{\"@type\":\"BreadcrumbList\",\"@id\":\"https:\/\/www.flym.fr\/bd\/textes\/loral-en-examen\/#breadcrumb\",\"itemListElement\":[{\"@type\":\"ListItem\",\"position\":1,\"name\":\"Accueil\",\"item\":\"https:\/\/www.flym.fr\/bd\/\"},{\"@type\":\"ListItem\",\"position\":2,\"name\":\"Textes\",\"item\":\"https:\/\/www.flym.fr\/bd\/textes\/\"},{\"@type\":\"ListItem\",\"position\":3,\"name\":\"L&rsquo;oral, parce que je le vaux bien &#8230;\"}]}]}<\/script>\n<!-- \/ Yoast SEO plugin. -->","yoast_head_json":{"title":"L'oral, parce que je le vaux bien ... - Flym, dessin d&#039;humour, blog bd humour, humour noir","robots":{"index":"index","follow":"follow","max-snippet":"max-snippet:-1","max-image-preview":"max-image-preview:large","max-video-preview":"max-video-preview:-1"},"canonical":"https:\/\/www.flym.fr\/bd\/textes\/loral-en-examen\/","og_locale":"fr_FR","og_type":"article","og_title":"L'oral, parce que je le vaux bien ... - Flym, dessin d&#039;humour, blog bd humour, humour noir","og_description":"Passer l&rsquo;oral d&rsquo;un examen &#8230; C&rsquo;est facile quand on est comme moi, un maitre des mots, un roi de la r\u00e9thorique, un cr\u00e9ateur de logorrh\u00e9 verbale,\u00a0 je jongle avec les mots comme zidane jongle avec un ballon &#8230; Non je d\u00e9conne, les oraux sont un cauchemar. Je fais des phrases dont je perds moi m\u00eame [&hellip;]","og_url":"https:\/\/www.flym.fr\/bd\/textes\/loral-en-examen\/","og_site_name":"Flym, dessin d&#039;humour, blog bd humour, humour noir","article_modified_time":"2016-03-18T14:55:16+00:00","twitter_card":"summary","twitter_misc":{"Dur\u00e9e de lecture estim\u00e9e":"2 minutes"},"schema":{"@context":"https:\/\/schema.org","@graph":[{"@type":"WebSite","@id":"https:\/\/www.flym.fr\/bd\/#website","url":"https:\/\/www.flym.fr\/bd\/","name":"Flym, dessin d&#039;humour, blog bd humour, humour noir","description":"","potentialAction":[{"@type":"SearchAction","target":{"@type":"EntryPoint","urlTemplate":"https:\/\/www.flym.fr\/bd\/?s={search_term_string}"},"query-input":"required name=search_term_string"}],"inLanguage":"fr-FR"},{"@type":"WebPage","@id":"https:\/\/www.flym.fr\/bd\/textes\/loral-en-examen\/","url":"https:\/\/www.flym.fr\/bd\/textes\/loral-en-examen\/","name":"L'oral, parce que je le vaux bien ... - Flym, dessin d&#039;humour, blog bd humour, humour noir","isPartOf":{"@id":"https:\/\/www.flym.fr\/bd\/#website"},"datePublished":"2012-06-05T23:05:04+00:00","dateModified":"2016-03-18T14:55:16+00:00","breadcrumb":{"@id":"https:\/\/www.flym.fr\/bd\/textes\/loral-en-examen\/#breadcrumb"},"inLanguage":"fr-FR","potentialAction":[{"@type":"ReadAction","target":["https:\/\/www.flym.fr\/bd\/textes\/loral-en-examen\/"]}]},{"@type":"BreadcrumbList","@id":"https:\/\/www.flym.fr\/bd\/textes\/loral-en-examen\/#breadcrumb","itemListElement":[{"@type":"ListItem","position":1,"name":"Accueil","item":"https:\/\/www.flym.fr\/bd\/"},{"@type":"ListItem","position":2,"name":"Textes","item":"https:\/\/www.flym.fr\/bd\/textes\/"},{"@type":"ListItem","position":3,"name":"L&rsquo;oral, parce que je le vaux bien &#8230;"}]}]}},"_links":{"self":[{"href":"https:\/\/www.flym.fr\/bd\/wp-json\/wp\/v2\/pages\/2463"}],"collection":[{"href":"https:\/\/www.flym.fr\/bd\/wp-json\/wp\/v2\/pages"}],"about":[{"href":"https:\/\/www.flym.fr\/bd\/wp-json\/wp\/v2\/types\/page"}],"author":[{"embeddable":true,"href":"https:\/\/www.flym.fr\/bd\/wp-json\/wp\/v2\/users\/1"}],"replies":[{"embeddable":true,"href":"https:\/\/www.flym.fr\/bd\/wp-json\/wp\/v2\/comments?post=2463"}],"version-history":[{"count":9,"href":"https:\/\/www.flym.fr\/bd\/wp-json\/wp\/v2\/pages\/2463\/revisions"}],"predecessor-version":[{"id":2673,"href":"https:\/\/www.flym.fr\/bd\/wp-json\/wp\/v2\/pages\/2463\/revisions\/2673"}],"up":[{"embeddable":true,"href":"https:\/\/www.flym.fr\/bd\/wp-json\/wp\/v2\/pages\/864"}],"wp:attachment":[{"href":"https:\/\/www.flym.fr\/bd\/wp-json\/wp\/v2\/media?parent=2463"}],"curies":[{"name":"wp","href":"https:\/\/api.w.org\/{rel}","templated":true}]}}