{"id":2465,"date":"2012-06-05T22:36:00","date_gmt":"2012-06-05T22:36:00","guid":{"rendered":"http:\/\/www.flym.fr\/bd\/"},"modified":"2017-08-24T11:13:51","modified_gmt":"2017-08-24T11:13:51","slug":"25-ans-texte-humoristique","status":"publish","type":"page","link":"https:\/\/www.flym.fr\/bd\/textes\/25-ans-texte-humoristique\/","title":{"rendered":"25 ans &#8230;"},"content":{"rendered":"<p style=\"text-align: center;\"><strong>25 ans<\/strong><\/p>\n<p>J-7 avant la fin de la jeunesse :<br \/>\nJe ne comprends pas, je ne sais pas quoi faire, je vieillis de jour en jour, \u00e7\u00e0 ne s&rsquo;arr\u00eate jamais, si bien que je vais atteindre mes 25 ans dans quelques jours.<\/p>\n<p>Je vois d\u00e9j\u00e0 les choses changer. Ma banqui\u00e8re (je ne savais pas que j\u2019en avais une, elle ne m\u2019a jamais appel\u00e9 depuis 15 ans que j\u2019ai un compte en banque) vient de me laisser un message me disant que je n\u2019ai plus le droit au forfait de mon compte jeune et je dois dire au revoir \u00e0 mon livret jeune en m\u00eame temps qu\u2019\u00e0 mes 24 ans\u2026<\/p>\n<p>J-1 avant 25 ans. Je suis \u00e0 Paris, j&rsquo;ai froid (est-ce parce que je viellis?). Je suis d\u00e9j\u00e0 plus fragile. Peut-\u00eatre que c &lsquo;est simplement parce qu&rsquo;on est en f\u00e9vrier aussi.<\/p>\n<p>Mes 25 ans. Je me r\u00e9veille la t\u00eate dans le cul (comme d&rsquo;habitude).<\/p>\n<p>J&rsquo;ai faim (comme d&rsquo;habitude).<\/p>\n<p>J&rsquo;ai des cernes, la marque de l&rsquo;oreiller, des \u00e9pis dans tous les sens, comme d&rsquo;habitude. Ok, le changement ce n&rsquo;est pas maintenant (Fran\u00e7ois Hollande n&rsquo;avait pas encore lanc\u00e9 de slogan de campagne). Donc \u00e0 part ma banqui\u00e8re, tout le monde se fout que je vieillisse. Non ils ne s&rsquo;en foutent pas. Ils ont mis le compte \u00e0 rebours. Ils savent que mes jours sont compt\u00e9s. Ils attendent tous avec impatience que j&rsquo;ai 26 ans, pour me retirer mes avantages, et ma jeunesse avec.<\/p>\n<p>&nbsp;<\/p>\n<p>&nbsp;<\/p>\n<div id=\"fb_share_1\" style=\"float: right; margin-left: 10px;\"><a name=\"fb_share\" type=\"box_count\" share_url=\"https:\/\/www.flym.fr\/bd\/textes\/25-ans-texte-humoristique\/\" href=\"http:\/\/www.facebook.com\/sharer.php\">Share<\/a><\/div><div><script src=\"http:\/\/static.ak.fbcdn.net\/connect.php\/js\/FB.Share\" type=\"text\/javascript\"><\/script><\/div>","protected":false},"excerpt":{"rendered":"<p>25 ans J-7 avant la fin de la jeunesse : Je ne comprends pas, je ne sais pas quoi faire, je vieillis de jour en jour, \u00e7\u00e0 ne s&rsquo;arr\u00eate jamais, si bien que je vais atteindre mes 25 ans dans quelques jours. Je vois d\u00e9j\u00e0 les choses changer. Ma banqui\u00e8re (je ne savais pas que [&hellip;]<\/p>\n","protected":false},"author":1,"featured_media":0,"parent":864,"menu_order":0,"comment_status":"closed","ping_status":"closed","template":"","meta":{"_et_pb_use_builder":"","_et_pb_old_content":"","_et_gb_content_width":""},"yoast_head":"<!-- This site is optimized with the Yoast SEO plugin v19.4 - https:\/\/yoast.com\/wordpress\/plugins\/seo\/ -->\n<title>texte humoristique \u00e0 lire anniversaire 25 ans - petit texte drole<\/title>\n<meta name=\"description\" content=\"texte humoristique \u00e0 lire anniversaire 25 ans - petit texte dr\u00f4le \u00e0 lire. De nombreux textes amusants courts et longs \u00e0 lire sur ce blog humour.\" \/>\n<meta name=\"robots\" content=\"index, follow, max-snippet:-1, max-image-preview:large, max-video-preview:-1\" \/>\n<link rel=\"canonical\" href=\"https:\/\/www.flym.fr\/bd\/textes\/25-ans-texte-humoristique\/\" \/>\n<meta property=\"og:locale\" content=\"fr_FR\" \/>\n<meta property=\"og:type\" content=\"article\" \/>\n<meta property=\"og:title\" content=\"texte humoristique \u00e0 lire anniversaire 25 ans - petit texte drole\" \/>\n<meta property=\"og:description\" content=\"texte humoristique \u00e0 lire anniversaire 25 ans - petit texte dr\u00f4le \u00e0 lire. De nombreux textes amusants courts et longs \u00e0 lire sur ce blog humour.\" \/>\n<meta property=\"og:url\" content=\"https:\/\/www.flym.fr\/bd\/textes\/25-ans-texte-humoristique\/\" \/>\n<meta property=\"og:site_name\" content=\"Flym, dessin d&#039;humour, blog bd humour, humour noir\" \/>\n<meta property=\"article:modified_time\" content=\"2017-08-24T11:13:51+00:00\" \/>\n<meta name=\"twitter:card\" content=\"summary\" \/>\n<meta name=\"twitter:label1\" content=\"Dur\u00e9e de lecture estim\u00e9e\" \/>\n\t<meta name=\"twitter:data1\" content=\"1 minute\" \/>\n<script type=\"application\/ld+json\" class=\"yoast-schema-graph\">{\"@context\":\"https:\/\/schema.org\",\"@graph\":[{\"@type\":\"WebSite\",\"@id\":\"https:\/\/www.flym.fr\/bd\/#website\",\"url\":\"https:\/\/www.flym.fr\/bd\/\",\"name\":\"Flym, dessin d&#039;humour, blog bd humour, humour noir\",\"description\":\"\",\"potentialAction\":[{\"@type\":\"SearchAction\",\"target\":{\"@type\":\"EntryPoint\",\"urlTemplate\":\"https:\/\/www.flym.fr\/bd\/?s={search_term_string}\"},\"query-input\":\"required name=search_term_string\"}],\"inLanguage\":\"fr-FR\"},{\"@type\":\"WebPage\",\"@id\":\"https:\/\/www.flym.fr\/bd\/textes\/25-ans-texte-humoristique\/\",\"url\":\"https:\/\/www.flym.fr\/bd\/textes\/25-ans-texte-humoristique\/\",\"name\":\"texte humoristique \u00e0 lire anniversaire 25 ans - petit texte drole\",\"isPartOf\":{\"@id\":\"https:\/\/www.flym.fr\/bd\/#website\"},\"datePublished\":\"2012-06-05T22:36:00+00:00\",\"dateModified\":\"2017-08-24T11:13:51+00:00\",\"description\":\"texte humoristique \u00e0 lire anniversaire 25 ans - petit texte dr\u00f4le \u00e0 lire. De nombreux textes amusants courts et longs \u00e0 lire sur ce blog humour.\",\"breadcrumb\":{\"@id\":\"https:\/\/www.flym.fr\/bd\/textes\/25-ans-texte-humoristique\/#breadcrumb\"},\"inLanguage\":\"fr-FR\",\"potentialAction\":[{\"@type\":\"ReadAction\",\"target\":[\"https:\/\/www.flym.fr\/bd\/textes\/25-ans-texte-humoristique\/\"]}]},{\"@type\":\"BreadcrumbList\",\"@id\":\"https:\/\/www.flym.fr\/bd\/textes\/25-ans-texte-humoristique\/#breadcrumb\",\"itemListElement\":[{\"@type\":\"ListItem\",\"position\":1,\"name\":\"Accueil\",\"item\":\"https:\/\/www.flym.fr\/bd\/\"},{\"@type\":\"ListItem\",\"position\":2,\"name\":\"Textes\",\"item\":\"https:\/\/www.flym.fr\/bd\/textes\/\"},{\"@type\":\"ListItem\",\"position\":3,\"name\":\"25 ans &#8230;\"}]}]}<\/script>\n<!-- \/ Yoast SEO plugin. -->","yoast_head_json":{"title":"texte humoristique \u00e0 lire anniversaire 25 ans - petit texte drole","description":"texte humoristique \u00e0 lire anniversaire 25 ans - petit texte dr\u00f4le \u00e0 lire. De nombreux textes amusants courts et longs \u00e0 lire sur ce blog humour.","robots":{"index":"index","follow":"follow","max-snippet":"max-snippet:-1","max-image-preview":"max-image-preview:large","max-video-preview":"max-video-preview:-1"},"canonical":"https:\/\/www.flym.fr\/bd\/textes\/25-ans-texte-humoristique\/","og_locale":"fr_FR","og_type":"article","og_title":"texte humoristique \u00e0 lire anniversaire 25 ans - petit texte drole","og_description":"texte humoristique \u00e0 lire anniversaire 25 ans - petit texte dr\u00f4le \u00e0 lire. De nombreux textes amusants courts et longs \u00e0 lire sur ce blog humour.","og_url":"https:\/\/www.flym.fr\/bd\/textes\/25-ans-texte-humoristique\/","og_site_name":"Flym, dessin d&#039;humour, blog bd humour, humour noir","article_modified_time":"2017-08-24T11:13:51+00:00","twitter_card":"summary","twitter_misc":{"Dur\u00e9e de lecture estim\u00e9e":"1 minute"},"schema":{"@context":"https:\/\/schema.org","@graph":[{"@type":"WebSite","@id":"https:\/\/www.flym.fr\/bd\/#website","url":"https:\/\/www.flym.fr\/bd\/","name":"Flym, dessin d&#039;humour, blog bd humour, humour noir","description":"","potentialAction":[{"@type":"SearchAction","target":{"@type":"EntryPoint","urlTemplate":"https:\/\/www.flym.fr\/bd\/?s={search_term_string}"},"query-input":"required name=search_term_string"}],"inLanguage":"fr-FR"},{"@type":"WebPage","@id":"https:\/\/www.flym.fr\/bd\/textes\/25-ans-texte-humoristique\/","url":"https:\/\/www.flym.fr\/bd\/textes\/25-ans-texte-humoristique\/","name":"texte humoristique \u00e0 lire anniversaire 25 ans - petit texte drole","isPartOf":{"@id":"https:\/\/www.flym.fr\/bd\/#website"},"datePublished":"2012-06-05T22:36:00+00:00","dateModified":"2017-08-24T11:13:51+00:00","description":"texte humoristique \u00e0 lire anniversaire 25 ans - petit texte dr\u00f4le \u00e0 lire. De nombreux textes amusants courts et longs \u00e0 lire sur ce blog humour.","breadcrumb":{"@id":"https:\/\/www.flym.fr\/bd\/textes\/25-ans-texte-humoristique\/#breadcrumb"},"inLanguage":"fr-FR","potentialAction":[{"@type":"ReadAction","target":["https:\/\/www.flym.fr\/bd\/textes\/25-ans-texte-humoristique\/"]}]},{"@type":"BreadcrumbList","@id":"https:\/\/www.flym.fr\/bd\/textes\/25-ans-texte-humoristique\/#breadcrumb","itemListElement":[{"@type":"ListItem","position":1,"name":"Accueil","item":"https:\/\/www.flym.fr\/bd\/"},{"@type":"ListItem","position":2,"name":"Textes","item":"https:\/\/www.flym.fr\/bd\/textes\/"},{"@type":"ListItem","position":3,"name":"25 ans &#8230;"}]}]}},"_links":{"self":[{"href":"https:\/\/www.flym.fr\/bd\/wp-json\/wp\/v2\/pages\/2465"}],"collection":[{"href":"https:\/\/www.flym.fr\/bd\/wp-json\/wp\/v2\/pages"}],"about":[{"href":"https:\/\/www.flym.fr\/bd\/wp-json\/wp\/v2\/types\/page"}],"author":[{"embeddable":true,"href":"https:\/\/www.flym.fr\/bd\/wp-json\/wp\/v2\/users\/1"}],"replies":[{"embeddable":true,"href":"https:\/\/www.flym.fr\/bd\/wp-json\/wp\/v2\/comments?post=2465"}],"version-history":[{"count":4,"href":"https:\/\/www.flym.fr\/bd\/wp-json\/wp\/v2\/pages\/2465\/revisions"}],"predecessor-version":[{"id":2952,"href":"https:\/\/www.flym.fr\/bd\/wp-json\/wp\/v2\/pages\/2465\/revisions\/2952"}],"up":[{"embeddable":true,"href":"https:\/\/www.flym.fr\/bd\/wp-json\/wp\/v2\/pages\/864"}],"wp:attachment":[{"href":"https:\/\/www.flym.fr\/bd\/wp-json\/wp\/v2\/media?parent=2465"}],"curies":[{"name":"wp","href":"https:\/\/api.w.org\/{rel}","templated":true}]}}