{"id":2771,"date":"2013-02-16T16:55:54","date_gmt":"2013-02-16T16:55:54","guid":{"rendered":"http:\/\/www.flym.fr\/bd\/?page_id=2771"},"modified":"2016-03-18T15:09:10","modified_gmt":"2016-03-18T15:09:10","slug":"contact-2","status":"publish","type":"page","link":"https:\/\/www.flym.fr\/bd\/contact-2\/","title":{"rendered":"Contact"},"content":{"rendered":"<p>Un petit message \u00e7\u00e0 fait toujours plaisir.<\/p>\n<p>N&rsquo;h\u00e9sitez pas \u00e0 me contacter pour des illustrations&#8230;<\/p>\n<p>&nbsp;<\/p>\n\n\t\t<div id=\"usermessagea\" class=\"cf_info \"><\/div>\n\t\t<form enctype=\"multipart\/form-data\" action=\"\/bd\/wp-json\/wp\/v2\/pages\/2771#usermessagea\" method=\"post\" class=\"cform\" id=\"cformsform\">\n\t\t<ol class=\"cf-ol\">\n\t\t\t<li id=\"li--1\" class=\"\"><label for=\"cf_field_1\"><span>Nom<\/span><\/label><input type=\"text\" name=\"cf_field_1\" id=\"cf_field_1\" class=\"single fldrequired\" value=\"\" onfocus=\"clearField(this)\" onblur=\"setField(this)\"\/><span class=\"reqtxt\">(obligatoire)<\/span><\/li>\n\t\t\t<li id=\"li--2\" class=\"\"><label for=\"cf_field_2\"><span>Email<\/span><\/label><input type=\"text\" name=\"cf_field_2\" id=\"cf_field_2\" class=\"single fldemail fldrequired\" value=\"\"\/><span class=\"emailreqtxt\">(email valide)<\/span><\/li>\n\t\t\t<li id=\"li--3\" class=\"\"><label for=\"cf_field_3\"><span>Website<\/span><\/label><input type=\"text\" name=\"cf_field_3\" id=\"cf_field_3\" class=\"single\" value=\"http:\/\/\"\/><\/li>\n\t\t\t<li id=\"li--4\" class=\"\"><label for=\"cf_field_4\"><span>Message<\/span><\/label><textarea cols=\"30\" rows=\"8\" name=\"cf_field_4\" id=\"cf_field_4\" class=\"area\"><\/textarea><\/li>\n\t\t<\/ol>\n\t\t<fieldset class=\"cf_hidden\">\n\t\t\t<legend>&nbsp;<\/legend>\n\t\t\t<input type=\"hidden\" name=\"cf_working\" id=\"cf_working\" value=\"Un%20moment...\"\/>\n\t\t\t<input type=\"hidden\" name=\"cf_failure\" id=\"cf_failure\" value=\"Il%20faut%20tout%20bien%20remplir...\"\/>\n\t\t\t<input type=\"hidden\" name=\"cf_codeerr\" id=\"cf_codeerr\" value=\"Please%20double-check%20your%20verification%20code.\"\/>\n\t\t\t<input type=\"hidden\" name=\"cf_customerr\" id=\"cf_customerr\" value=\"yyy\"\/>\n\t\t\t<input type=\"hidden\" name=\"cf_popup\" id=\"cf_popup\" value=\"nn\"\/>\n\t\t<\/fieldset>\n\t\t<p class=\"cf-sb\"><input type=\"submit\" name=\"sendbutton\" id=\"sendbutton\" class=\"sendbutton\" value=\"Envoyer\"\/><\/p>\n\t\t<\/form>\n<div id=\"fb_share_1\" style=\"float: right; margin-left: 10px;\"><a name=\"fb_share\" type=\"box_count\" share_url=\"https:\/\/www.flym.fr\/bd\/contact-2\/\" href=\"http:\/\/www.facebook.com\/sharer.php\">Share<\/a><\/div><div><script src=\"http:\/\/static.ak.fbcdn.net\/connect.php\/js\/FB.Share\" type=\"text\/javascript\"><\/script><\/div>","protected":false},"excerpt":{"rendered":"<p>Un petit message \u00e7\u00e0 fait toujours plaisir. N&rsquo;h\u00e9sitez pas \u00e0 me contacter pour des illustrations&#8230; &nbsp; Nom(obligatoire) Email(email valide) Website Message &nbsp; Share<\/p>\n","protected":false},"author":1,"featured_media":0,"parent":0,"menu_order":0,"comment_status":"closed","ping_status":"closed","template":"page-PageTemplate2.php","meta":{"_et_pb_use_builder":"","_et_pb_old_content":"","_et_gb_content_width":""},"yoast_head":"<!-- This site is optimized with the Yoast SEO plugin v19.4 - https:\/\/yoast.com\/wordpress\/plugins\/seo\/ -->\n<title>Contact - Flym, dessin d&#039;humour, blog bd humour, humour noir<\/title>\n<meta name=\"robots\" content=\"index, follow, max-snippet:-1, max-image-preview:large, max-video-preview:-1\" \/>\n<link rel=\"canonical\" href=\"https:\/\/www.flym.fr\/bd\/contact-2\/\" \/>\n<meta property=\"og:locale\" content=\"fr_FR\" \/>\n<meta property=\"og:type\" content=\"article\" \/>\n<meta property=\"og:title\" content=\"Contact - Flym, dessin d&#039;humour, blog bd humour, humour noir\" \/>\n<meta property=\"og:description\" content=\"Un petit message \u00e7\u00e0 fait toujours plaisir. N&rsquo;h\u00e9sitez pas \u00e0 me contacter pour des illustrations&#8230; &nbsp; Nom(obligatoire) Email(email valide) Website Message &nbsp; Share\" \/>\n<meta property=\"og:url\" content=\"https:\/\/www.flym.fr\/bd\/contact-2\/\" \/>\n<meta property=\"og:site_name\" content=\"Flym, dessin d&#039;humour, blog bd humour, humour noir\" \/>\n<meta property=\"article:modified_time\" content=\"2016-03-18T15:09:10+00:00\" \/>\n<meta name=\"twitter:card\" content=\"summary\" \/>\n<script type=\"application\/ld+json\" class=\"yoast-schema-graph\">{\"@context\":\"https:\/\/schema.org\",\"@graph\":[{\"@type\":\"WebSite\",\"@id\":\"https:\/\/www.flym.fr\/bd\/#website\",\"url\":\"https:\/\/www.flym.fr\/bd\/\",\"name\":\"Flym, dessin d&#039;humour, blog bd humour, humour noir\",\"description\":\"\",\"potentialAction\":[{\"@type\":\"SearchAction\",\"target\":{\"@type\":\"EntryPoint\",\"urlTemplate\":\"https:\/\/www.flym.fr\/bd\/?s={search_term_string}\"},\"query-input\":\"required name=search_term_string\"}],\"inLanguage\":\"fr-FR\"},{\"@type\":\"WebPage\",\"@id\":\"https:\/\/www.flym.fr\/bd\/contact-2\/\",\"url\":\"https:\/\/www.flym.fr\/bd\/contact-2\/\",\"name\":\"Contact - Flym, dessin d&#039;humour, blog bd humour, humour noir\",\"isPartOf\":{\"@id\":\"https:\/\/www.flym.fr\/bd\/#website\"},\"datePublished\":\"2013-02-16T16:55:54+00:00\",\"dateModified\":\"2016-03-18T15:09:10+00:00\",\"breadcrumb\":{\"@id\":\"https:\/\/www.flym.fr\/bd\/contact-2\/#breadcrumb\"},\"inLanguage\":\"fr-FR\",\"potentialAction\":[{\"@type\":\"ReadAction\",\"target\":[\"https:\/\/www.flym.fr\/bd\/contact-2\/\"]}]},{\"@type\":\"BreadcrumbList\",\"@id\":\"https:\/\/www.flym.fr\/bd\/contact-2\/#breadcrumb\",\"itemListElement\":[{\"@type\":\"ListItem\",\"position\":1,\"name\":\"Accueil\",\"item\":\"https:\/\/www.flym.fr\/bd\/\"},{\"@type\":\"ListItem\",\"position\":2,\"name\":\"Contact\"}]}]}<\/script>\n<!-- \/ Yoast SEO plugin. -->","yoast_head_json":{"title":"Contact - Flym, dessin d&#039;humour, blog bd humour, humour noir","robots":{"index":"index","follow":"follow","max-snippet":"max-snippet:-1","max-image-preview":"max-image-preview:large","max-video-preview":"max-video-preview:-1"},"canonical":"https:\/\/www.flym.fr\/bd\/contact-2\/","og_locale":"fr_FR","og_type":"article","og_title":"Contact - Flym, dessin d&#039;humour, blog bd humour, humour noir","og_description":"Un petit message \u00e7\u00e0 fait toujours plaisir. N&rsquo;h\u00e9sitez pas \u00e0 me contacter pour des illustrations&#8230; &nbsp; Nom(obligatoire) Email(email valide) Website Message &nbsp; Share","og_url":"https:\/\/www.flym.fr\/bd\/contact-2\/","og_site_name":"Flym, dessin d&#039;humour, blog bd humour, humour noir","article_modified_time":"2016-03-18T15:09:10+00:00","twitter_card":"summary","schema":{"@context":"https:\/\/schema.org","@graph":[{"@type":"WebSite","@id":"https:\/\/www.flym.fr\/bd\/#website","url":"https:\/\/www.flym.fr\/bd\/","name":"Flym, dessin d&#039;humour, blog bd humour, humour noir","description":"","potentialAction":[{"@type":"SearchAction","target":{"@type":"EntryPoint","urlTemplate":"https:\/\/www.flym.fr\/bd\/?s={search_term_string}"},"query-input":"required name=search_term_string"}],"inLanguage":"fr-FR"},{"@type":"WebPage","@id":"https:\/\/www.flym.fr\/bd\/contact-2\/","url":"https:\/\/www.flym.fr\/bd\/contact-2\/","name":"Contact - Flym, dessin d&#039;humour, blog bd humour, humour noir","isPartOf":{"@id":"https:\/\/www.flym.fr\/bd\/#website"},"datePublished":"2013-02-16T16:55:54+00:00","dateModified":"2016-03-18T15:09:10+00:00","breadcrumb":{"@id":"https:\/\/www.flym.fr\/bd\/contact-2\/#breadcrumb"},"inLanguage":"fr-FR","potentialAction":[{"@type":"ReadAction","target":["https:\/\/www.flym.fr\/bd\/contact-2\/"]}]},{"@type":"BreadcrumbList","@id":"https:\/\/www.flym.fr\/bd\/contact-2\/#breadcrumb","itemListElement":[{"@type":"ListItem","position":1,"name":"Accueil","item":"https:\/\/www.flym.fr\/bd\/"},{"@type":"ListItem","position":2,"name":"Contact"}]}]}},"_links":{"self":[{"href":"https:\/\/www.flym.fr\/bd\/wp-json\/wp\/v2\/pages\/2771"}],"collection":[{"href":"https:\/\/www.flym.fr\/bd\/wp-json\/wp\/v2\/pages"}],"about":[{"href":"https:\/\/www.flym.fr\/bd\/wp-json\/wp\/v2\/types\/page"}],"author":[{"embeddable":true,"href":"https:\/\/www.flym.fr\/bd\/wp-json\/wp\/v2\/users\/1"}],"replies":[{"embeddable":true,"href":"https:\/\/www.flym.fr\/bd\/wp-json\/wp\/v2\/comments?post=2771"}],"version-history":[{"count":3,"href":"https:\/\/www.flym.fr\/bd\/wp-json\/wp\/v2\/pages\/2771\/revisions"}],"predecessor-version":[{"id":2778,"href":"https:\/\/www.flym.fr\/bd\/wp-json\/wp\/v2\/pages\/2771\/revisions\/2778"}],"wp:attachment":[{"href":"https:\/\/www.flym.fr\/bd\/wp-json\/wp\/v2\/media?parent=2771"}],"curies":[{"name":"wp","href":"https:\/\/api.w.org\/{rel}","templated":true}]}}