{"id":2932,"date":"2016-03-17T13:28:09","date_gmt":"2016-03-17T13:28:09","guid":{"rendered":"http:\/\/www.flym.fr\/bd\/?page_id=2932"},"modified":"2022-08-04T09:05:44","modified_gmt":"2022-08-04T09:05:44","slug":"boutique-goodies","status":"publish","type":"page","link":"https:\/\/www.flym.fr\/bd\/boutique-goodies\/","title":{"rendered":"Boutique"},"content":{"rendered":"<div id=\"myShop\"><a href=\"\/\/shop.spreadshirt.fr\/flym\">flym<\/a><\/div>\n<p><script>\n    var spread_shop_config = {\n        shopName: 'flym',\n        locale: 'fr_FR',\n        prefix: '\/\/shop.spreadshirt.fr',\n        baseId: 'myShop'\n    };\n<\/script><\/p>\n<p><script type=\"text\/javascript\" src=\"\/\/shop.spreadshirt.fr\/shopfiles\/shopclient\/shopclient.nocache.js\">\n<\/script><\/p>\n<div id=\"fb_share_1\" style=\"float: right; margin-left: 10px;\"><a name=\"fb_share\" type=\"box_count\" share_url=\"https:\/\/www.flym.fr\/bd\/boutique-goodies\/\" href=\"http:\/\/www.facebook.com\/sharer.php\">Share<\/a><\/div><div><script src=\"http:\/\/static.ak.fbcdn.net\/connect.php\/js\/FB.Share\" type=\"text\/javascript\"><\/script><\/div>","protected":false},"excerpt":{"rendered":"<p>flym Share<\/p>\n","protected":false},"author":1,"featured_media":0,"parent":0,"menu_order":0,"comment_status":"closed","ping_status":"closed","template":"page-template-fullwidth.php","meta":{"_et_pb_use_builder":"","_et_pb_old_content":"","_et_gb_content_width":""},"yoast_head":"<!-- This site is optimized with the Yoast SEO plugin v19.4 - https:\/\/yoast.com\/wordpress\/plugins\/seo\/ -->\n<title>Boutique en ligne de goodies et v\u00eatement humoristiques - Tshirt, cadeaux<\/title>\n<meta name=\"description\" content=\"Boutique en ligne de goodies et v\u00eatement humoristiques - Tshirt, cadeau original humour, cadeau fun pour anniversaire, no\u00ebl. Accessoires \u00e0 offrir\" \/>\n<meta name=\"robots\" content=\"index, follow, max-snippet:-1, max-image-preview:large, max-video-preview:-1\" \/>\n<link rel=\"canonical\" href=\"https:\/\/www.flym.fr\/bd\/boutique-goodies\/\" \/>\n<meta property=\"og:locale\" content=\"fr_FR\" \/>\n<meta property=\"og:type\" content=\"article\" \/>\n<meta property=\"og:title\" content=\"Boutique en ligne de goodies et v\u00eatement humoristiques - Tshirt, cadeaux\" \/>\n<meta property=\"og:description\" content=\"Boutique en ligne de goodies et v\u00eatement humoristiques - Tshirt, cadeau original humour, cadeau fun pour anniversaire, no\u00ebl. Accessoires \u00e0 offrir\" \/>\n<meta property=\"og:url\" content=\"https:\/\/www.flym.fr\/bd\/boutique-goodies\/\" \/>\n<meta property=\"og:site_name\" content=\"Flym, dessin d&#039;humour, blog bd humour, humour noir\" \/>\n<meta property=\"article:modified_time\" content=\"2022-08-04T09:05:44+00:00\" \/>\n<meta name=\"twitter:card\" content=\"summary\" \/>\n<meta name=\"twitter:label1\" content=\"Dur\u00e9e de lecture estim\u00e9e\" \/>\n\t<meta name=\"twitter:data1\" content=\"1 minute\" \/>\n<script type=\"application\/ld+json\" class=\"yoast-schema-graph\">{\"@context\":\"https:\/\/schema.org\",\"@graph\":[{\"@type\":\"WebSite\",\"@id\":\"https:\/\/www.flym.fr\/bd\/#website\",\"url\":\"https:\/\/www.flym.fr\/bd\/\",\"name\":\"Flym, dessin d&#039;humour, blog bd humour, humour noir\",\"description\":\"\",\"potentialAction\":[{\"@type\":\"SearchAction\",\"target\":{\"@type\":\"EntryPoint\",\"urlTemplate\":\"https:\/\/www.flym.fr\/bd\/?s={search_term_string}\"},\"query-input\":\"required name=search_term_string\"}],\"inLanguage\":\"fr-FR\"},{\"@type\":\"WebPage\",\"@id\":\"https:\/\/www.flym.fr\/bd\/boutique-goodies\/\",\"url\":\"https:\/\/www.flym.fr\/bd\/boutique-goodies\/\",\"name\":\"Boutique en ligne de goodies et v\u00eatement humoristiques - Tshirt, cadeaux\",\"isPartOf\":{\"@id\":\"https:\/\/www.flym.fr\/bd\/#website\"},\"datePublished\":\"2016-03-17T13:28:09+00:00\",\"dateModified\":\"2022-08-04T09:05:44+00:00\",\"description\":\"Boutique en ligne de goodies et v\u00eatement humoristiques - Tshirt, cadeau original humour, cadeau fun pour anniversaire, no\u00ebl. Accessoires \u00e0 offrir\",\"breadcrumb\":{\"@id\":\"https:\/\/www.flym.fr\/bd\/boutique-goodies\/#breadcrumb\"},\"inLanguage\":\"fr-FR\",\"potentialAction\":[{\"@type\":\"ReadAction\",\"target\":[\"https:\/\/www.flym.fr\/bd\/boutique-goodies\/\"]}]},{\"@type\":\"BreadcrumbList\",\"@id\":\"https:\/\/www.flym.fr\/bd\/boutique-goodies\/#breadcrumb\",\"itemListElement\":[{\"@type\":\"ListItem\",\"position\":1,\"name\":\"Accueil\",\"item\":\"https:\/\/www.flym.fr\/bd\/\"},{\"@type\":\"ListItem\",\"position\":2,\"name\":\"Boutique\"}]}]}<\/script>\n<!-- \/ Yoast SEO plugin. -->","yoast_head_json":{"title":"Boutique en ligne de goodies et v\u00eatement humoristiques - Tshirt, cadeaux","description":"Boutique en ligne de goodies et v\u00eatement humoristiques - Tshirt, cadeau original humour, cadeau fun pour anniversaire, no\u00ebl. Accessoires \u00e0 offrir","robots":{"index":"index","follow":"follow","max-snippet":"max-snippet:-1","max-image-preview":"max-image-preview:large","max-video-preview":"max-video-preview:-1"},"canonical":"https:\/\/www.flym.fr\/bd\/boutique-goodies\/","og_locale":"fr_FR","og_type":"article","og_title":"Boutique en ligne de goodies et v\u00eatement humoristiques - Tshirt, cadeaux","og_description":"Boutique en ligne de goodies et v\u00eatement humoristiques - Tshirt, cadeau original humour, cadeau fun pour anniversaire, no\u00ebl. Accessoires \u00e0 offrir","og_url":"https:\/\/www.flym.fr\/bd\/boutique-goodies\/","og_site_name":"Flym, dessin d&#039;humour, blog bd humour, humour noir","article_modified_time":"2022-08-04T09:05:44+00:00","twitter_card":"summary","twitter_misc":{"Dur\u00e9e de lecture estim\u00e9e":"1 minute"},"schema":{"@context":"https:\/\/schema.org","@graph":[{"@type":"WebSite","@id":"https:\/\/www.flym.fr\/bd\/#website","url":"https:\/\/www.flym.fr\/bd\/","name":"Flym, dessin d&#039;humour, blog bd humour, humour noir","description":"","potentialAction":[{"@type":"SearchAction","target":{"@type":"EntryPoint","urlTemplate":"https:\/\/www.flym.fr\/bd\/?s={search_term_string}"},"query-input":"required name=search_term_string"}],"inLanguage":"fr-FR"},{"@type":"WebPage","@id":"https:\/\/www.flym.fr\/bd\/boutique-goodies\/","url":"https:\/\/www.flym.fr\/bd\/boutique-goodies\/","name":"Boutique en ligne de goodies et v\u00eatement humoristiques - Tshirt, cadeaux","isPartOf":{"@id":"https:\/\/www.flym.fr\/bd\/#website"},"datePublished":"2016-03-17T13:28:09+00:00","dateModified":"2022-08-04T09:05:44+00:00","description":"Boutique en ligne de goodies et v\u00eatement humoristiques - Tshirt, cadeau original humour, cadeau fun pour anniversaire, no\u00ebl. Accessoires \u00e0 offrir","breadcrumb":{"@id":"https:\/\/www.flym.fr\/bd\/boutique-goodies\/#breadcrumb"},"inLanguage":"fr-FR","potentialAction":[{"@type":"ReadAction","target":["https:\/\/www.flym.fr\/bd\/boutique-goodies\/"]}]},{"@type":"BreadcrumbList","@id":"https:\/\/www.flym.fr\/bd\/boutique-goodies\/#breadcrumb","itemListElement":[{"@type":"ListItem","position":1,"name":"Accueil","item":"https:\/\/www.flym.fr\/bd\/"},{"@type":"ListItem","position":2,"name":"Boutique"}]}]}},"_links":{"self":[{"href":"https:\/\/www.flym.fr\/bd\/wp-json\/wp\/v2\/pages\/2932"}],"collection":[{"href":"https:\/\/www.flym.fr\/bd\/wp-json\/wp\/v2\/pages"}],"about":[{"href":"https:\/\/www.flym.fr\/bd\/wp-json\/wp\/v2\/types\/page"}],"author":[{"embeddable":true,"href":"https:\/\/www.flym.fr\/bd\/wp-json\/wp\/v2\/users\/1"}],"replies":[{"embeddable":true,"href":"https:\/\/www.flym.fr\/bd\/wp-json\/wp\/v2\/comments?post=2932"}],"version-history":[{"count":12,"href":"https:\/\/www.flym.fr\/bd\/wp-json\/wp\/v2\/pages\/2932\/revisions"}],"predecessor-version":[{"id":3102,"href":"https:\/\/www.flym.fr\/bd\/wp-json\/wp\/v2\/pages\/2932\/revisions\/3102"}],"wp:attachment":[{"href":"https:\/\/www.flym.fr\/bd\/wp-json\/wp\/v2\/media?parent=2932"}],"curies":[{"name":"wp","href":"https:\/\/api.w.org\/{rel}","templated":true}]}}