{"id":3140,"date":"2020-04-01T14:03:12","date_gmt":"2020-04-01T14:03:12","guid":{"rendered":"https:\/\/www.flym.fr\/bd\/?page_id=3140"},"modified":"2020-04-02T08:54:43","modified_gmt":"2020-04-02T08:54:43","slug":"accueil-blog","status":"publish","type":"page","link":"https:\/\/www.flym.fr\/bd\/","title":{"rendered":"Accueil Blog"},"content":{"rendered":"<p>[et_pb_section fb_built=\u00a0\u00bb1&Prime; _builder_version=\u00a0\u00bb4.4.1&Prime;][et_pb_row _builder_version=\u00a0\u00bb4.4.1&Prime;][et_pb_column type=\u00a0\u00bb4_4&Prime; _builder_version=\u00a0\u00bb4.4.1&Prime;][et_pb_blog posts_number=\u00a0\u00bb8&Prime; include_categories=\u00a0\u00bball\u00a0\u00bb show_thumbnail=\u00a0\u00bboff\u00a0\u00bb show_content=\u00a0\u00bbon\u00a0\u00bb show_author=\u00a0\u00bboff\u00a0\u00bb show_date=\u00a0\u00bboff\u00a0\u00bb _builder_version=\u00a0\u00bb4.4.1&Prime;][\/et_pb_blog][\/et_pb_column][\/et_pb_row][\/et_pb_section]<\/p>\n<div id=\"fb_share_1\" style=\"float: right; margin-left: 10px;\"><a name=\"fb_share\" type=\"box_count\" share_url=\"https:\/\/www.flym.fr\/bd\/\" href=\"http:\/\/www.facebook.com\/sharer.php\">Share<\/a><\/div><div><script src=\"http:\/\/static.ak.fbcdn.net\/connect.php\/js\/FB.Share\" type=\"text\/javascript\"><\/script><\/div>","protected":false},"excerpt":{"rendered":"","protected":false},"author":2,"featured_media":0,"parent":0,"menu_order":0,"comment_status":"closed","ping_status":"closed","template":"","meta":{"_et_pb_use_builder":"on","_et_pb_old_content":"","_et_gb_content_width":""},"yoast_head":"<!-- This site is optimized with the Yoast SEO plugin v19.4 - https:\/\/yoast.com\/wordpress\/plugins\/seo\/ -->\n<title>Blog Bd humour, dessin humoristique, citation, remarque humour - Blog dessin<\/title>\n<meta name=\"description\" content=\"Flym, blog bd humour - dessin humoristique, remarque d\u00e9cal\u00e9e, d\u00e9finition humour, d\u00e9tournement d&#039;image, citation humour, texte dr\u00f4le, parodie, humour noir\" \/>\n<meta name=\"robots\" content=\"index, follow, max-snippet:-1, max-image-preview:large, max-video-preview:-1\" \/>\n<link rel=\"canonical\" href=\"https:\/\/www.flym.fr\/bd\/\" \/>\n<meta property=\"og:locale\" content=\"fr_FR\" \/>\n<meta property=\"og:type\" content=\"article\" \/>\n<meta property=\"og:title\" content=\"Blog Bd humour, dessin humoristique, citation, remarque humour - Blog dessin\" \/>\n<meta property=\"og:description\" content=\"Flym, blog bd humour - dessin humoristique, remarque d\u00e9cal\u00e9e, d\u00e9finition humour, d\u00e9tournement d&#039;image, citation humour, texte dr\u00f4le, parodie, humour noir\" \/>\n<meta property=\"og:url\" content=\"https:\/\/www.flym.fr\/bd\/\" \/>\n<meta property=\"og:site_name\" content=\"Flym, dessin d&#039;humour, blog bd humour, humour noir\" \/>\n<meta property=\"article:modified_time\" content=\"2020-04-02T08:54:43+00:00\" \/>\n<meta name=\"twitter:card\" content=\"summary\" \/>\n<script type=\"application\/ld+json\" class=\"yoast-schema-graph\">{\"@context\":\"https:\/\/schema.org\",\"@graph\":[{\"@type\":\"WebSite\",\"@id\":\"https:\/\/www.flym.fr\/bd\/#website\",\"url\":\"https:\/\/www.flym.fr\/bd\/\",\"name\":\"Flym, dessin d&#039;humour, blog bd humour, humour noir\",\"description\":\"\",\"potentialAction\":[{\"@type\":\"SearchAction\",\"target\":{\"@type\":\"EntryPoint\",\"urlTemplate\":\"https:\/\/www.flym.fr\/bd\/?s={search_term_string}\"},\"query-input\":\"required name=search_term_string\"}],\"inLanguage\":\"fr-FR\"},{\"@type\":\"WebPage\",\"@id\":\"https:\/\/www.flym.fr\/bd\/\",\"url\":\"https:\/\/www.flym.fr\/bd\/\",\"name\":\"Blog Bd humour, dessin humoristique, citation, remarque humour - Blog dessin\",\"isPartOf\":{\"@id\":\"https:\/\/www.flym.fr\/bd\/#website\"},\"datePublished\":\"2020-04-01T14:03:12+00:00\",\"dateModified\":\"2020-04-02T08:54:43+00:00\",\"description\":\"Flym, blog bd humour - dessin humoristique, remarque d\u00e9cal\u00e9e, d\u00e9finition humour, d\u00e9tournement d'image, citation humour, texte dr\u00f4le, parodie, humour noir\",\"breadcrumb\":{\"@id\":\"https:\/\/www.flym.fr\/bd\/#breadcrumb\"},\"inLanguage\":\"fr-FR\",\"potentialAction\":[{\"@type\":\"ReadAction\",\"target\":[\"https:\/\/www.flym.fr\/bd\/\"]}]},{\"@type\":\"BreadcrumbList\",\"@id\":\"https:\/\/www.flym.fr\/bd\/#breadcrumb\",\"itemListElement\":[{\"@type\":\"ListItem\",\"position\":1,\"name\":\"Accueil\",\"item\":\"https:\/\/www.flym.fr\/bd\/\"},{\"@type\":\"ListItem\",\"position\":2,\"name\":\"Accueil Blog\"}]}]}<\/script>\n<!-- \/ Yoast SEO plugin. -->","yoast_head_json":{"title":"Blog Bd humour, dessin humoristique, citation, remarque humour - Blog dessin","description":"Flym, blog bd humour - dessin humoristique, remarque d\u00e9cal\u00e9e, d\u00e9finition humour, d\u00e9tournement d'image, citation humour, texte dr\u00f4le, parodie, humour noir","robots":{"index":"index","follow":"follow","max-snippet":"max-snippet:-1","max-image-preview":"max-image-preview:large","max-video-preview":"max-video-preview:-1"},"canonical":"https:\/\/www.flym.fr\/bd\/","og_locale":"fr_FR","og_type":"article","og_title":"Blog Bd humour, dessin humoristique, citation, remarque humour - Blog dessin","og_description":"Flym, blog bd humour - dessin humoristique, remarque d\u00e9cal\u00e9e, d\u00e9finition humour, d\u00e9tournement d'image, citation humour, texte dr\u00f4le, parodie, humour noir","og_url":"https:\/\/www.flym.fr\/bd\/","og_site_name":"Flym, dessin d&#039;humour, blog bd humour, humour noir","article_modified_time":"2020-04-02T08:54:43+00:00","twitter_card":"summary","schema":{"@context":"https:\/\/schema.org","@graph":[{"@type":"WebSite","@id":"https:\/\/www.flym.fr\/bd\/#website","url":"https:\/\/www.flym.fr\/bd\/","name":"Flym, dessin d&#039;humour, blog bd humour, humour noir","description":"","potentialAction":[{"@type":"SearchAction","target":{"@type":"EntryPoint","urlTemplate":"https:\/\/www.flym.fr\/bd\/?s={search_term_string}"},"query-input":"required name=search_term_string"}],"inLanguage":"fr-FR"},{"@type":"WebPage","@id":"https:\/\/www.flym.fr\/bd\/","url":"https:\/\/www.flym.fr\/bd\/","name":"Blog Bd humour, dessin humoristique, citation, remarque humour - Blog dessin","isPartOf":{"@id":"https:\/\/www.flym.fr\/bd\/#website"},"datePublished":"2020-04-01T14:03:12+00:00","dateModified":"2020-04-02T08:54:43+00:00","description":"Flym, blog bd humour - dessin humoristique, remarque d\u00e9cal\u00e9e, d\u00e9finition humour, d\u00e9tournement d'image, citation humour, texte dr\u00f4le, parodie, humour noir","breadcrumb":{"@id":"https:\/\/www.flym.fr\/bd\/#breadcrumb"},"inLanguage":"fr-FR","potentialAction":[{"@type":"ReadAction","target":["https:\/\/www.flym.fr\/bd\/"]}]},{"@type":"BreadcrumbList","@id":"https:\/\/www.flym.fr\/bd\/#breadcrumb","itemListElement":[{"@type":"ListItem","position":1,"name":"Accueil","item":"https:\/\/www.flym.fr\/bd\/"},{"@type":"ListItem","position":2,"name":"Accueil Blog"}]}]}},"_links":{"self":[{"href":"https:\/\/www.flym.fr\/bd\/wp-json\/wp\/v2\/pages\/3140"}],"collection":[{"href":"https:\/\/www.flym.fr\/bd\/wp-json\/wp\/v2\/pages"}],"about":[{"href":"https:\/\/www.flym.fr\/bd\/wp-json\/wp\/v2\/types\/page"}],"author":[{"embeddable":true,"href":"https:\/\/www.flym.fr\/bd\/wp-json\/wp\/v2\/users\/2"}],"replies":[{"embeddable":true,"href":"https:\/\/www.flym.fr\/bd\/wp-json\/wp\/v2\/comments?post=3140"}],"version-history":[{"count":12,"href":"https:\/\/www.flym.fr\/bd\/wp-json\/wp\/v2\/pages\/3140\/revisions"}],"predecessor-version":[{"id":3217,"href":"https:\/\/www.flym.fr\/bd\/wp-json\/wp\/v2\/pages\/3140\/revisions\/3217"}],"wp:attachment":[{"href":"https:\/\/www.flym.fr\/bd\/wp-json\/wp\/v2\/media?parent=3140"}],"curies":[{"name":"wp","href":"https:\/\/api.w.org\/{rel}","templated":true}]}}